{"id":191,"date":"2020-05-09T17:49:47","date_gmt":"2020-05-09T15:49:47","guid":{"rendered":"http:\/\/www.the-witching-hour.com\/blog\/?page_id=191"},"modified":"2020-10-19T19:55:09","modified_gmt":"2020-10-19T17:55:09","slug":"a-propos-de-the-witching-hour","status":"publish","type":"page","link":"https:\/\/www.the-witching-hour.com\/blog\/index.php\/a-propos-de-the-witching-hour\/","title":{"rendered":"\u00c0 propos de The Witching Hour"},"content":{"rendered":"\n<p><em><strong>The Witching Hour c\u2019est l\u2019histoire d\u2019une passion, pour la cr\u00e9ation et l\u2019artisanat bien s\u00fbr, mais aussi pour l\u2019\u00e9sot\u00e9risme, la nature et la spiritualit\u00e9. C\u2019est pourquoi toutes nos cr\u00e9ations s\u2019inspirent de l\u2019occultisme et de ses diverses pratiques, du paganisme, de la nature et des saisons, mais aussi d\u2019un univers gothique et&nbsp; onirique afin de vous aider \u00e0 mettre un peu de r\u00eave et de magie dans votre quotidien.<\/strong><\/em><\/p>\n\n\n\n<div class=\"wp-block-image\"><figure class=\"aligncenter size-large\"><img loading=\"lazy\" decoding=\"async\" width=\"402\" height=\"70\" src=\"http:\/\/www.the-witching-hour.com\/blog\/wp-content\/uploads\/2020\/05\/Barre-simple-3-copie.png\" alt=\"\" class=\"wp-image-130\" srcset=\"https:\/\/www.the-witching-hour.com\/blog\/wp-content\/uploads\/2020\/05\/Barre-simple-3-copie.png 402w, https:\/\/www.the-witching-hour.com\/blog\/wp-content\/uploads\/2020\/05\/Barre-simple-3-copie-300x52.png 300w, https:\/\/www.the-witching-hour.com\/blog\/wp-content\/uploads\/2020\/05\/Barre-simple-3-copie-345x60.png 345w\" sizes=\"(max-width: 402px) 100vw, 402px\" \/><\/figure><\/div>\n\n\n\n<h2 class=\"wp-block-heading\">Derri\u00e8re les portes de l\u2019atelier<\/h2>\n\n\n\n<p>Tout part toujours d\u2019un dessin, une id\u00e9e griffonn\u00e9e sur le coin d\u2019une page suite \u00e0 une inspiration soudaine. Ce rapide croquis est ensuite couch\u00e9 au propre sur du papier millim\u00e9tr\u00e9, \u00e9tape incontournable qui requi\u00e8re beaucoup de concentration puisqu\u2019elle&nbsp;servira \u00e0 d\u00e9finir les dimensions exactes du futur bijou, l\u2019emplacement le plus adapt\u00e9 pour les pierres ou les anneaux, le tout de fa\u00e7on harmonieuse et judicieuse, puisque ces \u00e9l\u00e9ments influenceront ensuite la fa\u00e7on dont se tiendra le bijou lorsqu\u2019il sera port\u00e9.<\/p>\n\n\n\n<div class=\"wp-block-image\"><figure class=\"aligncenter size-large\"><a href=\"https:\/\/www.the-witching-hour.com\/fr\/arbres-de-vie-yggdrasil\/423-1578-pendentif-arbre-de-vie-yggdrasil-mysteries.html#\/41-choix_des_pierres-amethyste\" target=\"_blank\" rel=\"noopener noreferrer\"><img loading=\"lazy\" decoding=\"async\" width=\"300\" height=\"300\" src=\"http:\/\/www.the-witching-hour.com\/blog\/wp-content\/uploads\/2020\/05\/tapes-cr\u00e9ation-Yggdrasil-mysteries-copie-e1588678183971.jpg\" alt=\"\" class=\"wp-image-6\"\/><\/a><figcaption>Croquis du pendentif Yggdrasil Mysteries<\/figcaption><\/figure><\/div>\n\n\n\n<p>Ce dessin aux dimensions rigoureuses permettra ensuite de cr\u00e9er une sculpture en trois dimensions, r\u00e9plique exacte du futur bijou qui permettra ensuite la cr\u00e9ation d\u2019un moule gr\u00e2ce auquel l\u2019\u00e9tain pourra \u00eatre coul\u00e9. S\u2019en suit alors tout un processus pour apporter son fini brillant et&nbsp;ses reliefs noirs au bijou. Alors seulement, les pierres, les anneaux et les cha\u00eenes pourront \u00eatre ajout\u00e9s.<\/p>\n\n\n\n<p><strong>Tous nos bijoux sont donc r\u00e9alis\u00e9s de fa\u00e7on totalement artisanale et \u00e0 partir de mat\u00e9riaux de qualit\u00e9. C\u2019est pourquoi nous utilisons un \u00e9tain pur \u00e0 97%, correspondant aux normes Europ\u00e9ennes, et ne contenant aucune substance potentiellement dangereuse pour votre sant\u00e9.<\/strong><\/p>\n\n\n\n<p>Cet \u00e9tain a \u00e9galement la particularit\u00e9 d\u2019\u00eatre hypoallerg\u00e9nique, ce qui signifie que les risques d\u2019y \u00eatre allergique sont extr\u00eamement faibles. Il existe plusieurs alliages d\u2019\u00e9tain, plus ou moins solides, plus ou moins de bonne qualit\u00e9 et selon les pays de fabrication il n\u2019est pas rare de trouver des alliages d\u2019\u00e9tain (et m\u00eame de m\u00e9taux en g\u00e9n\u00e9ral) contenant des produits tr\u00e8s nocifs pour la sant\u00e9!<\/p>\n\n\n\n<p>Chez The Withing Hour, nous sommes&nbsp;intransigeants sur la qualit\u00e9, car non seulement&nbsp;nous respectons les normes Fran\u00e7aise et Europ\u00e9enne, mais&nbsp;allons encore plus loin dans la qualit\u00e9 en ne vous proposant que des cr\u00e9ations r\u00e9alis\u00e9es dans un \u00e9tain pur \u00e0 97%. Cet \u00e9tain est con\u00e7u pour \u00eatre utilis\u00e9 pour la fabrication de vaisselle, autrement dit il est tellement sain que l\u2019on peut manger dessus!&nbsp;Il ne contient pas de plomb, de nickel, de cadmium, de mercure ou d\u2019antimoine, qui sont des substances dangereuses pour la sant\u00e9 que l\u2019on peut parfois trouver dans des alliages de m\u00e9taux de mauvaise qualit\u00e9.<\/p>\n\n\n\n<p>Notre engagement dans la protection animale \u00e9tant tr\u00e8s important, nous mettons un point d\u2019honneur \u00e0 n\u2019utiliser aucun produit d\u2019origine animale, tels que le cuir, la fourrure ou les plumes naturelles.<\/p>\n\n\n\n<h2 class=\"wp-block-heading\">Vous aimez les pierres? Nous aussi!<\/h2>\n\n\n\n<p>Les pierres&nbsp;qui sont utilis\u00e9es pour parer vos bijoux sont g\u00e9n\u00e9ralement&nbsp;naturelles et non trait\u00e9es (en dehors de la taille et du polissage), lorsque ce n\u2019est pas le cas&nbsp;ceci est toujours pr\u00e9cis\u00e9 la fiche article des produits concern\u00e9s. La recherche de pierres naturelles de qualit\u00e9 est \u00e9galement une grosse partie de&nbsp;notre travail car ce n\u2019est pas toujours facile de trouver des fournisseurs fiables, beaucoup de pierres synth\u00e9tiques circulent&nbsp;sur le march\u00e9 et il existe de nombreux vendeurs peu scrupuleux qui les font passer pour des pierres naturelles.<\/p>\n\n\n\n<div class=\"wp-block-image\"><figure class=\"aligncenter size-large is-resized\"><a href=\"https:\/\/www.the-witching-hour.com\/fr\/pendentifs-esoteriques\/709-2395-pendentif-celtique-murmures-de-dana.html#\/46-longueur_de_la_chaine-46_cm\/121-choix_des_pierres-labradorite_bleue_verte_doree\" target=\"_blank\" rel=\"noopener noreferrer\"><img loading=\"lazy\" decoding=\"async\" src=\"http:\/\/www.the-witching-hour.com\/blog\/wp-content\/uploads\/2020\/05\/Pendentif-Fanas-whispers-labradorite-bleue-1-copie-1024x1024.jpg\" alt=\"\" class=\"wp-image-201\" width=\"413\" height=\"413\" srcset=\"https:\/\/www.the-witching-hour.com\/blog\/wp-content\/uploads\/2020\/05\/Pendentif-Fanas-whispers-labradorite-bleue-1-copie-1024x1024.jpg 1024w, https:\/\/www.the-witching-hour.com\/blog\/wp-content\/uploads\/2020\/05\/Pendentif-Fanas-whispers-labradorite-bleue-1-copie-300x300.jpg 300w, https:\/\/www.the-witching-hour.com\/blog\/wp-content\/uploads\/2020\/05\/Pendentif-Fanas-whispers-labradorite-bleue-1-copie-150x150.jpg 150w, https:\/\/www.the-witching-hour.com\/blog\/wp-content\/uploads\/2020\/05\/Pendentif-Fanas-whispers-labradorite-bleue-1-copie-768x768.jpg 768w, https:\/\/www.the-witching-hour.com\/blog\/wp-content\/uploads\/2020\/05\/Pendentif-Fanas-whispers-labradorite-bleue-1-copie-1536x1536.jpg 1536w, https:\/\/www.the-witching-hour.com\/blog\/wp-content\/uploads\/2020\/05\/Pendentif-Fanas-whispers-labradorite-bleue-1-copie-435x435.jpg 435w, https:\/\/www.the-witching-hour.com\/blog\/wp-content\/uploads\/2020\/05\/Pendentif-Fanas-whispers-labradorite-bleue-1-copie-60x60.jpg 60w, https:\/\/www.the-witching-hour.com\/blog\/wp-content\/uploads\/2020\/05\/Pendentif-Fanas-whispers-labradorite-bleue-1-copie.jpg 2000w\" sizes=\"(max-width: 413px) 100vw, 413px\" \/><\/a><figcaption>Pendentif Dana&rsquo;s Whispers en labradorite bleue<\/figcaption><\/figure><\/div>\n\n\n\n<p>C\u2019est l\u00e0 que&nbsp;nos connaissances entrent en jeu!&nbsp;Melliarine, cr\u00e9atrice de The Witching Hour, a commenc\u00e9 \u00e0 \u00e9tudier la lithoth\u00e9rapie en 2008 et&nbsp;a depuis \u00e9largie&nbsp;son apprentissage \u00e0 la min\u00e9ralogie, afin d\u2019apprendre la fa\u00e7on dont les cristaux se forment. Tout ceci combin\u00e9 \u00e0 son utilisation personnelle des min\u00e9raux dans son quotidien et dans ses pratiques \u00e9sot\u00e9riques depuis toutes ces ann\u00e9es,&nbsp;lui a permis d\u2019apprendre \u00e0 reconna\u00eetre les pierres synth\u00e9tiques pour la majorit\u00e9 des min\u00e9raux.<\/p>\n\n\n\n<p>Ainsi&nbsp;gr\u00e2ce \u00e0 ses connaissances, Melliarine&nbsp;s\u00e9lectionne minutieusement les pierres utilis\u00e9es pour les cr\u00e9ations The Witching Hour, privil\u00e9giant autant que possible les min\u00e9raux de grade AAA (le plus pur).<\/p>\n\n\n\n<p>Pour ce qui est des pendentifs de la collection Mystic Forest,&nbsp;Melliarine va m\u00eame chercher les pierres directement chez l\u2019un de&nbsp;nos fournisseurs afin de les voir par elles m\u00eames, de chiner dans sa petite boutique et d\u00e9couvrir de vraies petites merveilles!<\/p>\n\n\n\n<div class=\"wp-block-image\"><figure class=\"aligncenter size-large is-resized\"><a href=\"https:\/\/www.the-witching-hour.com\/fr\/79-runes\" target=\"_blank\" rel=\"noopener noreferrer\"><img loading=\"lazy\" decoding=\"async\" src=\"http:\/\/www.the-witching-hour.com\/blog\/wp-content\/uploads\/2020\/05\/Runes-en-am\u00e9thyste-2-copie-1024x1024.jpg\" alt=\"\" class=\"wp-image-63\" width=\"435\" height=\"435\" srcset=\"https:\/\/www.the-witching-hour.com\/blog\/wp-content\/uploads\/2020\/05\/Runes-en-am\u00e9thyste-2-copie-1024x1024.jpg 1024w, https:\/\/www.the-witching-hour.com\/blog\/wp-content\/uploads\/2020\/05\/Runes-en-am\u00e9thyste-2-copie-300x300.jpg 300w, https:\/\/www.the-witching-hour.com\/blog\/wp-content\/uploads\/2020\/05\/Runes-en-am\u00e9thyste-2-copie-150x150.jpg 150w, https:\/\/www.the-witching-hour.com\/blog\/wp-content\/uploads\/2020\/05\/Runes-en-am\u00e9thyste-2-copie-768x768.jpg 768w, https:\/\/www.the-witching-hour.com\/blog\/wp-content\/uploads\/2020\/05\/Runes-en-am\u00e9thyste-2-copie-435x435.jpg 435w, https:\/\/www.the-witching-hour.com\/blog\/wp-content\/uploads\/2020\/05\/Runes-en-am\u00e9thyste-2-copie-60x60.jpg 60w, https:\/\/www.the-witching-hour.com\/blog\/wp-content\/uploads\/2020\/05\/Runes-en-am\u00e9thyste-2-copie.jpg 1500w\" sizes=\"(max-width: 435px) 100vw, 435px\" \/><\/a><\/figure><\/div>\n\n\n\n<p>Pour ce qui est des runes,&nbsp;Melliarine s\u00e9lectionne \u00e9galement des pierres d\u2019excellente qualit\u00e9, l\u00e9g\u00e8rement plus grandes que celles que l\u2019on trouve dans les jeux de runes fabriqu\u00e9s industriellement et \/ ou en Asie, et que l\u2019on trouve un peu partout dans les boutiques \u00e9sot\u00e9riques. La raison de cette taille un peu au-dessus de la moyenne est tr\u00e8s simple:&nbsp;cela les rend beaucoup plus agr\u00e9ables pour travailler!<\/p>\n\n\n\n<h2 class=\"wp-block-heading\">Les bijoux en r\u00e9sine<\/h2>\n\n\n\n<p>Nous utilisons toujours une r\u00e9sine biorganic pour la fabrication des pendules et des cabochons en r\u00e9sine. Cette r\u00e9sine biosourc\u00e9e est plus respectueuse de l&rsquo;homme et de l&rsquo;environnement gr\u00e2ce \u00e0 sa fabrication \u00e0 partir de mati\u00e8res biologiques.<\/p>\n\n\n\n<div class=\"wp-block-image\"><figure class=\"aligncenter size-large\"><img loading=\"lazy\" decoding=\"async\" width=\"402\" height=\"70\" src=\"http:\/\/www.the-witching-hour.com\/blog\/wp-content\/uploads\/2020\/05\/Barre-simple-3-copie.png\" alt=\"\" class=\"wp-image-130\" srcset=\"https:\/\/www.the-witching-hour.com\/blog\/wp-content\/uploads\/2020\/05\/Barre-simple-3-copie.png 402w, https:\/\/www.the-witching-hour.com\/blog\/wp-content\/uploads\/2020\/05\/Barre-simple-3-copie-300x52.png 300w, https:\/\/www.the-witching-hour.com\/blog\/wp-content\/uploads\/2020\/05\/Barre-simple-3-copie-345x60.png 345w\" sizes=\"(max-width: 402px) 100vw, 402px\" \/><\/figure><\/div>\n\n\n\n<p>Sachez \u00e9galement que&nbsp;si vous poss\u00e9dez vous m\u00eame une boutique, et que vous souhaitez b\u00e9n\u00e9ficier de tarifs pr\u00e9f\u00e9rentiels afin d\u2019y vendre les cr\u00e9ations The Witching Hour, vous pouvez&nbsp;nous contacter via&nbsp;<a href=\"http:\/\/the-witching-hour.com\/fr\/contactez-nous\"><strong>le formulaire de contact<\/strong><\/a>&nbsp;pr\u00e9vu \u00e0 cet effet,&nbsp;nous vous r\u00e9pondrons au plus vite pour vous communiquer les tarifs et les modalit\u00e9s de vente en gros.<\/p>\n\n\n\n<p>Enfin, nous vous vous proposons de retrouver les cr\u00e9ations de la boutique sur les r\u00e9seaux sociaux, ce qui vous permettra d\u2019\u00eatre tenu au courant de tous les nouveaux produits ajout\u00e9s et de l\u2019actualit\u00e9 de la boutique!<\/p>\n\n\n\n<p class=\"has-text-align-center\"><a href=\"https:\/\/www.facebook.com\/The.Witching.Hour.Shop\/\" target=\"_blank\" rel=\"noreferrer noopener\"><strong>Facebook<\/strong><\/a><\/p>\n\n\n\n<p class=\"has-text-align-center\"><a href=\"https:\/\/www.instagram.com\/thewitchinghourart\/\" target=\"_blank\" rel=\"noreferrer noopener\"><strong>Instagram<\/strong><\/a><\/p>\n\n\n\n<p>Un grand merci pour l\u2019int\u00e9r\u00eat que vous portez \u00e0 nos cr\u00e9ations!<\/p>\n\n\n\n<div class=\"wp-block-image\"><figure class=\"aligncenter size-large\"><img loading=\"lazy\" decoding=\"async\" width=\"400\" height=\"110\" src=\"http:\/\/www.the-witching-hour.com\/blog\/wp-content\/uploads\/2020\/05\/Barre-noire-1-400.jpg\" alt=\"\" class=\"wp-image-43\" srcset=\"https:\/\/www.the-witching-hour.com\/blog\/wp-content\/uploads\/2020\/05\/Barre-noire-1-400.jpg 400w, https:\/\/www.the-witching-hour.com\/blog\/wp-content\/uploads\/2020\/05\/Barre-noire-1-400-300x83.jpg 300w, https:\/\/www.the-witching-hour.com\/blog\/wp-content\/uploads\/2020\/05\/Barre-noire-1-400-218x60.jpg 218w\" sizes=\"(max-width: 400px) 100vw, 400px\" \/><\/figure><\/div>\n\n\n\n<p><\/p>\n","protected":false},"excerpt":{"rendered":"<p>The Witching Hour c\u2019est l\u2019histoire d\u2019une passion, pour la cr\u00e9ation et l\u2019artisanat bien s\u00fbr, mais aussi pour l\u2019\u00e9sot\u00e9risme, la nature et la spiritualit\u00e9. C\u2019est pourquoi toutes nos cr\u00e9ations s\u2019inspirent de l\u2019occultisme et de ses diverses pratiques, du paganisme, de la nature et des saisons, mais aussi d\u2019un univers gothique et&nbsp; onirique afin de vous aider &hellip; <\/p>\n","protected":false},"author":1,"featured_media":160,"parent":0,"menu_order":0,"comment_status":"open","ping_status":"closed","template":"","meta":{"footnotes":""},"yoast_head":"<!-- This site is optimized with the Yoast SEO plugin v21.2 - https:\/\/yoast.com\/wordpress\/plugins\/seo\/ -->\n<title>\u00c0 propos de The Witching Hour - The Witching Hour<\/title>\n<meta name=\"description\" content=\"The Witching Hour c\u2019est l\u2019histoire d\u2019une passion, pour la cr\u00e9ation et l\u2019artisanat bien s\u00fbr, mais aussi pour l\u2019\u00e9sot\u00e9risme, la nature et la spiritualit\u00e9...\" \/>\n<meta name=\"robots\" content=\"index, follow, max-snippet:-1, max-image-preview:large, max-video-preview:-1\" \/>\n<link rel=\"canonical\" href=\"https:\/\/www.the-witching-hour.com\/blog\/index.php\/a-propos-de-the-witching-hour\/\" \/>\n<meta property=\"og:locale\" content=\"fr_FR\" \/>\n<meta property=\"og:type\" content=\"article\" \/>\n<meta property=\"og:title\" content=\"\u00c0 propos de The Witching Hour - The Witching Hour\" \/>\n<meta property=\"og:description\" content=\"The Witching Hour c\u2019est l\u2019histoire d\u2019une passion, pour la cr\u00e9ation et l\u2019artisanat bien s\u00fbr, mais aussi pour l\u2019\u00e9sot\u00e9risme, la nature et la spiritualit\u00e9...\" \/>\n<meta property=\"og:url\" content=\"https:\/\/www.the-witching-hour.com\/blog\/index.php\/a-propos-de-the-witching-hour\/\" \/>\n<meta property=\"og:site_name\" content=\"The Witching Hour\" \/>\n<meta property=\"article:publisher\" content=\"https:\/\/www.facebook.com\/The.Witching.Hour.Shop\" \/>\n<meta property=\"article:modified_time\" content=\"2020-10-19T17:55:09+00:00\" \/>\n<meta property=\"og:image\" content=\"https:\/\/www.the-witching-hour.com\/blog\/wp-content\/uploads\/2020\/05\/IMG_6301.jpg\" \/>\n\t<meta property=\"og:image:width\" content=\"2100\" \/>\n\t<meta property=\"og:image:height\" content=\"1400\" \/>\n\t<meta property=\"og:image:type\" content=\"image\/jpeg\" \/>\n<meta name=\"twitter:card\" content=\"summary_large_image\" \/>\n<meta name=\"twitter:label1\" content=\"Dur\u00e9e de lecture estim\u00e9e\" \/>\n\t<meta name=\"twitter:data1\" content=\"5 minutes\" \/>\n<script type=\"application\/ld+json\" class=\"yoast-schema-graph\">{\"@context\":\"https:\/\/schema.org\",\"@graph\":[{\"@type\":\"WebPage\",\"@id\":\"https:\/\/www.the-witching-hour.com\/blog\/index.php\/a-propos-de-the-witching-hour\/\",\"url\":\"https:\/\/www.the-witching-hour.com\/blog\/index.php\/a-propos-de-the-witching-hour\/\",\"name\":\"\u00c0 propos de The Witching Hour - The Witching Hour\",\"isPartOf\":{\"@id\":\"https:\/\/www.the-witching-hour.com\/blog\/#website\"},\"datePublished\":\"2020-05-09T15:49:47+00:00\",\"dateModified\":\"2020-10-19T17:55:09+00:00\",\"description\":\"The Witching Hour c\u2019est l\u2019histoire d\u2019une passion, pour la cr\u00e9ation et l\u2019artisanat bien s\u00fbr, mais aussi pour l\u2019\u00e9sot\u00e9risme, la nature et la spiritualit\u00e9...\",\"breadcrumb\":{\"@id\":\"https:\/\/www.the-witching-hour.com\/blog\/index.php\/a-propos-de-the-witching-hour\/#breadcrumb\"},\"inLanguage\":\"fr-FR\",\"potentialAction\":[{\"@type\":\"ReadAction\",\"target\":[\"https:\/\/www.the-witching-hour.com\/blog\/index.php\/a-propos-de-the-witching-hour\/\"]}]},{\"@type\":\"BreadcrumbList\",\"@id\":\"https:\/\/www.the-witching-hour.com\/blog\/index.php\/a-propos-de-the-witching-hour\/#breadcrumb\",\"itemListElement\":[{\"@type\":\"ListItem\",\"position\":1,\"name\":\"Accueil\",\"item\":\"https:\/\/www.the-witching-hour.com\/blog\/\"},{\"@type\":\"ListItem\",\"position\":2,\"name\":\"\u00c0 propos de The Witching Hour\"}]},{\"@type\":\"WebSite\",\"@id\":\"https:\/\/www.the-witching-hour.com\/blog\/#website\",\"url\":\"https:\/\/www.the-witching-hour.com\/blog\/\",\"name\":\"The Witching Hour\",\"description\":\"Art et artisanat \u00e9sot\u00e9rique\",\"publisher\":{\"@id\":\"https:\/\/www.the-witching-hour.com\/blog\/#organization\"},\"potentialAction\":[{\"@type\":\"SearchAction\",\"target\":{\"@type\":\"EntryPoint\",\"urlTemplate\":\"https:\/\/www.the-witching-hour.com\/blog\/?s={search_term_string}\"},\"query-input\":\"required name=search_term_string\"}],\"inLanguage\":\"fr-FR\"},{\"@type\":\"Organization\",\"@id\":\"https:\/\/www.the-witching-hour.com\/blog\/#organization\",\"name\":\"The Witching Hour\",\"url\":\"https:\/\/www.the-witching-hour.com\/blog\/\",\"logo\":{\"@type\":\"ImageObject\",\"inLanguage\":\"fr-FR\",\"@id\":\"https:\/\/www.the-witching-hour.com\/blog\/#\/schema\/logo\/image\/\",\"url\":\"https:\/\/www.the-witching-hour.com\/blog\/wp-content\/uploads\/2023\/01\/The-Witching-Hour-2021-2-copie.png\",\"contentUrl\":\"https:\/\/www.the-witching-hour.com\/blog\/wp-content\/uploads\/2023\/01\/The-Witching-Hour-2021-2-copie.png\",\"width\":1890,\"height\":654,\"caption\":\"The Witching Hour\"},\"image\":{\"@id\":\"https:\/\/www.the-witching-hour.com\/blog\/#\/schema\/logo\/image\/\"},\"sameAs\":[\"https:\/\/www.facebook.com\/The.Witching.Hour.Shop\",\"https:\/\/www.instagram.com\/thewitchinghourart\/\"]}]}<\/script>\n<!-- \/ Yoast SEO plugin. -->","yoast_head_json":{"title":"\u00c0 propos de The Witching Hour - The Witching Hour","description":"The Witching Hour c\u2019est l\u2019histoire d\u2019une passion, pour la cr\u00e9ation et l\u2019artisanat bien s\u00fbr, mais aussi pour l\u2019\u00e9sot\u00e9risme, la nature et la spiritualit\u00e9...","robots":{"index":"index","follow":"follow","max-snippet":"max-snippet:-1","max-image-preview":"max-image-preview:large","max-video-preview":"max-video-preview:-1"},"canonical":"https:\/\/www.the-witching-hour.com\/blog\/index.php\/a-propos-de-the-witching-hour\/","og_locale":"fr_FR","og_type":"article","og_title":"\u00c0 propos de The Witching Hour - The Witching Hour","og_description":"The Witching Hour c\u2019est l\u2019histoire d\u2019une passion, pour la cr\u00e9ation et l\u2019artisanat bien s\u00fbr, mais aussi pour l\u2019\u00e9sot\u00e9risme, la nature et la spiritualit\u00e9...","og_url":"https:\/\/www.the-witching-hour.com\/blog\/index.php\/a-propos-de-the-witching-hour\/","og_site_name":"The Witching Hour","article_publisher":"https:\/\/www.facebook.com\/The.Witching.Hour.Shop","article_modified_time":"2020-10-19T17:55:09+00:00","og_image":[{"width":2100,"height":1400,"url":"https:\/\/www.the-witching-hour.com\/blog\/wp-content\/uploads\/2020\/05\/IMG_6301.jpg","type":"image\/jpeg"}],"twitter_card":"summary_large_image","twitter_misc":{"Dur\u00e9e de lecture estim\u00e9e":"5 minutes"},"schema":{"@context":"https:\/\/schema.org","@graph":[{"@type":"WebPage","@id":"https:\/\/www.the-witching-hour.com\/blog\/index.php\/a-propos-de-the-witching-hour\/","url":"https:\/\/www.the-witching-hour.com\/blog\/index.php\/a-propos-de-the-witching-hour\/","name":"\u00c0 propos de The Witching Hour - The Witching Hour","isPartOf":{"@id":"https:\/\/www.the-witching-hour.com\/blog\/#website"},"datePublished":"2020-05-09T15:49:47+00:00","dateModified":"2020-10-19T17:55:09+00:00","description":"The Witching Hour c\u2019est l\u2019histoire d\u2019une passion, pour la cr\u00e9ation et l\u2019artisanat bien s\u00fbr, mais aussi pour l\u2019\u00e9sot\u00e9risme, la nature et la spiritualit\u00e9...","breadcrumb":{"@id":"https:\/\/www.the-witching-hour.com\/blog\/index.php\/a-propos-de-the-witching-hour\/#breadcrumb"},"inLanguage":"fr-FR","potentialAction":[{"@type":"ReadAction","target":["https:\/\/www.the-witching-hour.com\/blog\/index.php\/a-propos-de-the-witching-hour\/"]}]},{"@type":"BreadcrumbList","@id":"https:\/\/www.the-witching-hour.com\/blog\/index.php\/a-propos-de-the-witching-hour\/#breadcrumb","itemListElement":[{"@type":"ListItem","position":1,"name":"Accueil","item":"https:\/\/www.the-witching-hour.com\/blog\/"},{"@type":"ListItem","position":2,"name":"\u00c0 propos de The Witching Hour"}]},{"@type":"WebSite","@id":"https:\/\/www.the-witching-hour.com\/blog\/#website","url":"https:\/\/www.the-witching-hour.com\/blog\/","name":"The Witching Hour","description":"Art et artisanat \u00e9sot\u00e9rique","publisher":{"@id":"https:\/\/www.the-witching-hour.com\/blog\/#organization"},"potentialAction":[{"@type":"SearchAction","target":{"@type":"EntryPoint","urlTemplate":"https:\/\/www.the-witching-hour.com\/blog\/?s={search_term_string}"},"query-input":"required name=search_term_string"}],"inLanguage":"fr-FR"},{"@type":"Organization","@id":"https:\/\/www.the-witching-hour.com\/blog\/#organization","name":"The Witching Hour","url":"https:\/\/www.the-witching-hour.com\/blog\/","logo":{"@type":"ImageObject","inLanguage":"fr-FR","@id":"https:\/\/www.the-witching-hour.com\/blog\/#\/schema\/logo\/image\/","url":"https:\/\/www.the-witching-hour.com\/blog\/wp-content\/uploads\/2023\/01\/The-Witching-Hour-2021-2-copie.png","contentUrl":"https:\/\/www.the-witching-hour.com\/blog\/wp-content\/uploads\/2023\/01\/The-Witching-Hour-2021-2-copie.png","width":1890,"height":654,"caption":"The Witching Hour"},"image":{"@id":"https:\/\/www.the-witching-hour.com\/blog\/#\/schema\/logo\/image\/"},"sameAs":["https:\/\/www.facebook.com\/The.Witching.Hour.Shop","https:\/\/www.instagram.com\/thewitchinghourart\/"]}]}},"_links":{"self":[{"href":"https:\/\/www.the-witching-hour.com\/blog\/index.php\/wp-json\/wp\/v2\/pages\/191"}],"collection":[{"href":"https:\/\/www.the-witching-hour.com\/blog\/index.php\/wp-json\/wp\/v2\/pages"}],"about":[{"href":"https:\/\/www.the-witching-hour.com\/blog\/index.php\/wp-json\/wp\/v2\/types\/page"}],"author":[{"embeddable":true,"href":"https:\/\/www.the-witching-hour.com\/blog\/index.php\/wp-json\/wp\/v2\/users\/1"}],"replies":[{"embeddable":true,"href":"https:\/\/www.the-witching-hour.com\/blog\/index.php\/wp-json\/wp\/v2\/comments?post=191"}],"version-history":[{"count":4,"href":"https:\/\/www.the-witching-hour.com\/blog\/index.php\/wp-json\/wp\/v2\/pages\/191\/revisions"}],"predecessor-version":[{"id":311,"href":"https:\/\/www.the-witching-hour.com\/blog\/index.php\/wp-json\/wp\/v2\/pages\/191\/revisions\/311"}],"wp:featuredmedia":[{"embeddable":true,"href":"https:\/\/www.the-witching-hour.com\/blog\/index.php\/wp-json\/wp\/v2\/media\/160"}],"wp:attachment":[{"href":"https:\/\/www.the-witching-hour.com\/blog\/index.php\/wp-json\/wp\/v2\/media?parent=191"}],"curies":[{"name":"wp","href":"https:\/\/api.w.org\/{rel}","templated":true}]}}